{"id":16194,"date":"2024-01-30T07:53:13","date_gmt":"2024-01-30T06:53:13","guid":{"rendered":"https:\/\/mullerproperty.net\/aviso-legal\/"},"modified":"2024-01-30T07:53:13","modified_gmt":"2024-01-30T06:53:13","slug":"aviso-legal","status":"publish","type":"page","link":"https:\/\/mullerproperty.net\/en\/aviso-legal\/","title":{"rendered":"AVISO LEGAL &amp; CONSENTIMIENTO"},"content":{"rendered":"\n<h3 class=\"wp-block-heading\">Aviso Legal para M\u00fcller Property S.L<\/h3>\n\n\n\n<p>Si necesita m\u00e1s informaci\u00f3n o tiene alguna pregunta sobre el descargo de responsabilidad de nuestro sitio, no dude en contactarnos por correo electr\u00f3nico a info@mullerproperty.net<\/p>\n\n\n\n<p>Este sitio web es propiedad y est\u00e1 mantenido por M\u00fcller Property Investments S.L. Urb Cerrado del Aguila, Conj. Los Iris 3, 29649 Mijas Costa, M\u00e1laga, Espa\u00f1a. . Por lo tanto, todos los comentarios y consultas relacionados con el sitio web se dirigen a la direcci\u00f3n mencionada o al tel\u00e9fono +34 660453334 o info@mullerproperty.net.<\/p>\n\n\n\n<p>Toda la informaci\u00f3n en este sitio web se publica de buena fe y solo con fines de informaci\u00f3n general. Mullerproperty.net no ofrece ninguna garant\u00eda sobre la integridad, confiabilidad y precisi\u00f3n de esta informaci\u00f3n. Cualquier acci\u00f3n que tome sobre la informaci\u00f3n que encuentre en este sitio web (mullerproperty.net) es estrictamente bajo su propio riesgo. M\u00fcller Property no ser\u00e1 responsable de ninguna p\u00e9rdida y \/ o da\u00f1o relacionado con el uso de nuestro sitio web.<\/p>\n\n\n\n<p>Desde nuestro sitio web, puede visitar otros sitios web siguiendo hiperv\u00ednculos a dichos sitios externos. Si bien nos esforzamos por proporcionar solo enlaces de calidad a sitios web \u00fatiles y \u00e9ticos, no tenemos control sobre el contenido y la naturaleza de estos sitios. Estos enlaces a otros sitios web no implican una recomendaci\u00f3n para todo el contenido que se encuentra en estos sitios. Los propietarios del sitio y el contenido pueden cambiar sin previo aviso y pueden ocurrir antes de que tengamos la oportunidad de eliminar un enlace que puede haber resultado &#8220;malo&#8221;.<\/p>\n\n\n\n<p>Tenga en cuenta tambi\u00e9n que cuando abandona nuestro sitio web, otros sitios pueden tener pol\u00edticas y t\u00e9rminos de privacidad diferentes que est\u00e1n fuera de nuestro control. Aseg\u00farese de consultar las Pol\u00edticas de privacidad de estos sitios, as\u00ed como sus &#8220;T\u00e9rminos de servicio&#8221; antes de realizar cualquier negocio o cargar cualquier informaci\u00f3n.<\/p>\n\n\n\n<h3 class=\"wp-block-heading\">Consentimiento<\/h3>\n\n\n\n<p>Al usar nuestro sitio web, usted acepta nuestro descargo de responsabilidad y acepta sus t\u00e9rminos.<\/p>\n\n\n\n<h3 class=\"wp-block-heading\">Actualizaciones<\/h3>\n\n\n\n<p>En caso de que actualicemos, modifiquemos o realicemos cambios en este documento, dichos cambios se publicar\u00e1n de manera destacada aqu\u00ed.<\/p>\n\n\n\n<p><\/p>\n\n\n\n<p><\/p>\n\n\n\n<p><\/p>\n","protected":false},"excerpt":{"rendered":"<p>Aviso Legal para M\u00fcller Property S.L Si necesita m\u00e1s informaci\u00f3n o tiene alguna pregunta sobre el descargo de responsabilidad de nuestro sitio, no dude en contactarnos por correo electr\u00f3nico a info@mullerproperty.net Este sitio web es propiedad y est\u00e1 mantenido por M\u00fcller Property Investments S.L. Urb Cerrado del Aguila, Conj. Los Iris 3, 29649 Mijas Costa, [&hellip;]<\/p>\n","protected":false},"author":1,"featured_media":0,"parent":0,"menu_order":0,"comment_status":"closed","ping_status":"closed","template":"","meta":{"_et_pb_use_builder":"off","_et_pb_old_content":"","_et_gb_content_width":"1080","_joinchat":[],"footnotes":""},"class_list":["post-16194","page","type-page","status-publish","hentry"],"yoast_head":"<!-- This site is optimized with the Yoast SEO plugin v23.3 - https:\/\/yoast.com\/wordpress\/plugins\/seo\/ -->\n<title>AVISO LEGAL &amp; CONSENTIMIENTO | M\u00fcller Property<\/title>\n<meta name=\"robots\" content=\"index, follow, max-snippet:-1, max-image-preview:large, max-video-preview:-1\" \/>\n<link rel=\"canonical\" href=\"https:\/\/mullerproperty.net\/en\/aviso-legal\/\" \/>\n<meta property=\"og:locale\" content=\"en_US\" \/>\n<meta property=\"og:type\" content=\"article\" \/>\n<meta property=\"og:title\" content=\"AVISO LEGAL &amp; CONSENTIMIENTO | M\u00fcller Property\" \/>\n<meta property=\"og:description\" content=\"Aviso Legal para M\u00fcller Property S.L Si necesita m\u00e1s informaci\u00f3n o tiene alguna pregunta sobre el descargo de responsabilidad de nuestro sitio, no dude en contactarnos por correo electr\u00f3nico a info@mullerproperty.net Este sitio web es propiedad y est\u00e1 mantenido por M\u00fcller Property Investments S.L. Urb Cerrado del Aguila, Conj. Los Iris 3, 29649 Mijas Costa, [&hellip;]\" \/>\n<meta property=\"og:url\" content=\"https:\/\/mullerproperty.net\/en\/aviso-legal\/\" \/>\n<meta property=\"og:site_name\" content=\"M\u00fcller Property\" \/>\n<meta property=\"article:publisher\" content=\"https:\/\/www.facebook.com\/mullerproperty\" \/>\n<meta name=\"twitter:card\" content=\"summary_large_image\" \/>\n<meta name=\"twitter:site\" content=\"@muller_property\" \/>\n<meta name=\"twitter:label1\" content=\"Est. reading time\" \/>\n\t<meta name=\"twitter:data1\" content=\"2 minutes\" \/>\n<script type=\"application\/ld+json\" class=\"yoast-schema-graph\">{\"@context\":\"https:\/\/schema.org\",\"@graph\":[{\"@type\":\"WebPage\",\"@id\":\"https:\/\/mullerproperty.net\/en\/aviso-legal\/\",\"url\":\"https:\/\/mullerproperty.net\/en\/aviso-legal\/\",\"name\":\"AVISO LEGAL &amp; CONSENTIMIENTO | M\u00fcller Property\",\"isPartOf\":{\"@id\":\"https:\/\/mullerproperty.net\/#website\"},\"datePublished\":\"2024-01-30T06:53:13+00:00\",\"dateModified\":\"2024-01-30T06:53:13+00:00\",\"breadcrumb\":{\"@id\":\"https:\/\/mullerproperty.net\/en\/aviso-legal\/#breadcrumb\"},\"inLanguage\":\"en-US\",\"potentialAction\":[{\"@type\":\"ReadAction\",\"target\":[\"https:\/\/mullerproperty.net\/en\/aviso-legal\/\"]}]},{\"@type\":\"BreadcrumbList\",\"@id\":\"https:\/\/mullerproperty.net\/en\/aviso-legal\/#breadcrumb\",\"itemListElement\":[{\"@type\":\"ListItem\",\"position\":1,\"name\":\"Portada\",\"item\":\"https:\/\/mullerproperty.net\/\"},{\"@type\":\"ListItem\",\"position\":2,\"name\":\"AVISO LEGAL &amp; CONSENTIMIENTO\"}]},{\"@type\":\"WebSite\",\"@id\":\"https:\/\/mullerproperty.net\/#website\",\"url\":\"https:\/\/mullerproperty.net\/\",\"name\":\"M\u00fcller Property\",\"description\":\"Real Estate\",\"publisher\":{\"@id\":\"https:\/\/mullerproperty.net\/#organization\"},\"potentialAction\":[{\"@type\":\"SearchAction\",\"target\":{\"@type\":\"EntryPoint\",\"urlTemplate\":\"https:\/\/mullerproperty.net\/?s={search_term_string}\"},\"query-input\":\"required name=search_term_string\"}],\"inLanguage\":\"en-US\"},{\"@type\":\"Organization\",\"@id\":\"https:\/\/mullerproperty.net\/#organization\",\"name\":\"M\u00fcller Property\",\"url\":\"https:\/\/mullerproperty.net\/\",\"logo\":{\"@type\":\"ImageObject\",\"inLanguage\":\"en-US\",\"@id\":\"https:\/\/mullerproperty.net\/#\/schema\/logo\/image\/\",\"url\":\"https:\/\/mullerproperty.net\/wp-content\/uploads\/2024\/08\/favicon.png\",\"contentUrl\":\"https:\/\/mullerproperty.net\/wp-content\/uploads\/2024\/08\/favicon.png\",\"width\":512,\"height\":512,\"caption\":\"M\u00fcller Property\"},\"image\":{\"@id\":\"https:\/\/mullerproperty.net\/#\/schema\/logo\/image\/\"},\"sameAs\":[\"https:\/\/www.facebook.com\/mullerproperty\",\"https:\/\/x.com\/muller_property\",\"https:\/\/www.instagram.com\/mullerproperty\/\",\"https:\/\/www.youtube.com\/mullerproperty\"]}]}<\/script>\n<!-- \/ Yoast SEO plugin. -->","yoast_head_json":{"title":"AVISO LEGAL &amp; CONSENTIMIENTO | M\u00fcller Property","robots":{"index":"index","follow":"follow","max-snippet":"max-snippet:-1","max-image-preview":"max-image-preview:large","max-video-preview":"max-video-preview:-1"},"canonical":"https:\/\/mullerproperty.net\/en\/aviso-legal\/","og_locale":"en_US","og_type":"article","og_title":"AVISO LEGAL &amp; CONSENTIMIENTO | M\u00fcller Property","og_description":"Aviso Legal para M\u00fcller Property S.L Si necesita m\u00e1s informaci\u00f3n o tiene alguna pregunta sobre el descargo de responsabilidad de nuestro sitio, no dude en contactarnos por correo electr\u00f3nico a info@mullerproperty.net Este sitio web es propiedad y est\u00e1 mantenido por M\u00fcller Property Investments S.L. Urb Cerrado del Aguila, Conj. Los Iris 3, 29649 Mijas Costa, [&hellip;]","og_url":"https:\/\/mullerproperty.net\/en\/aviso-legal\/","og_site_name":"M\u00fcller Property","article_publisher":"https:\/\/www.facebook.com\/mullerproperty","twitter_card":"summary_large_image","twitter_site":"@muller_property","twitter_misc":{"Est. reading time":"2 minutes"},"schema":{"@context":"https:\/\/schema.org","@graph":[{"@type":"WebPage","@id":"https:\/\/mullerproperty.net\/en\/aviso-legal\/","url":"https:\/\/mullerproperty.net\/en\/aviso-legal\/","name":"AVISO LEGAL &amp; CONSENTIMIENTO | M\u00fcller Property","isPartOf":{"@id":"https:\/\/mullerproperty.net\/#website"},"datePublished":"2024-01-30T06:53:13+00:00","dateModified":"2024-01-30T06:53:13+00:00","breadcrumb":{"@id":"https:\/\/mullerproperty.net\/en\/aviso-legal\/#breadcrumb"},"inLanguage":"en-US","potentialAction":[{"@type":"ReadAction","target":["https:\/\/mullerproperty.net\/en\/aviso-legal\/"]}]},{"@type":"BreadcrumbList","@id":"https:\/\/mullerproperty.net\/en\/aviso-legal\/#breadcrumb","itemListElement":[{"@type":"ListItem","position":1,"name":"Portada","item":"https:\/\/mullerproperty.net\/"},{"@type":"ListItem","position":2,"name":"AVISO LEGAL &amp; CONSENTIMIENTO"}]},{"@type":"WebSite","@id":"https:\/\/mullerproperty.net\/#website","url":"https:\/\/mullerproperty.net\/","name":"M\u00fcller Property","description":"Real Estate","publisher":{"@id":"https:\/\/mullerproperty.net\/#organization"},"potentialAction":[{"@type":"SearchAction","target":{"@type":"EntryPoint","urlTemplate":"https:\/\/mullerproperty.net\/?s={search_term_string}"},"query-input":"required name=search_term_string"}],"inLanguage":"en-US"},{"@type":"Organization","@id":"https:\/\/mullerproperty.net\/#organization","name":"M\u00fcller Property","url":"https:\/\/mullerproperty.net\/","logo":{"@type":"ImageObject","inLanguage":"en-US","@id":"https:\/\/mullerproperty.net\/#\/schema\/logo\/image\/","url":"https:\/\/mullerproperty.net\/wp-content\/uploads\/2024\/08\/favicon.png","contentUrl":"https:\/\/mullerproperty.net\/wp-content\/uploads\/2024\/08\/favicon.png","width":512,"height":512,"caption":"M\u00fcller Property"},"image":{"@id":"https:\/\/mullerproperty.net\/#\/schema\/logo\/image\/"},"sameAs":["https:\/\/www.facebook.com\/mullerproperty","https:\/\/x.com\/muller_property","https:\/\/www.instagram.com\/mullerproperty\/","https:\/\/www.youtube.com\/mullerproperty"]}]}},"_links":{"self":[{"href":"https:\/\/mullerproperty.net\/en\/wp-json\/wp\/v2\/pages\/16194","targetHints":{"allow":["GET"]}}],"collection":[{"href":"https:\/\/mullerproperty.net\/en\/wp-json\/wp\/v2\/pages"}],"about":[{"href":"https:\/\/mullerproperty.net\/en\/wp-json\/wp\/v2\/types\/page"}],"author":[{"embeddable":true,"href":"https:\/\/mullerproperty.net\/en\/wp-json\/wp\/v2\/users\/1"}],"replies":[{"embeddable":true,"href":"https:\/\/mullerproperty.net\/en\/wp-json\/wp\/v2\/comments?post=16194"}],"version-history":[{"count":0,"href":"https:\/\/mullerproperty.net\/en\/wp-json\/wp\/v2\/pages\/16194\/revisions"}],"wp:attachment":[{"href":"https:\/\/mullerproperty.net\/en\/wp-json\/wp\/v2\/media?parent=16194"}],"curies":[{"name":"wp","href":"https:\/\/api.w.org\/{rel}","templated":true}]}}