{"id":16114,"date":"2021-11-05T13:04:27","date_gmt":"2021-11-05T12:04:27","guid":{"rendered":"https:\/\/mullerproperty.net\/contacto\/"},"modified":"2024-02-02T11:32:21","modified_gmt":"2024-02-02T10:32:21","slug":"kontakt","status":"publish","type":"page","link":"https:\/\/mullerproperty.net\/da\/kontakt\/","title":{"rendered":"Kontakt"},"content":{"rendered":"<p>[et_pb_section fb_built=&#8221;1&#8243; admin_label=&#8221;Buscador&#8221; _builder_version=&#8221;4.20.4&#8243; _module_preset=&#8221;default&#8221; custom_margin=&#8221;||0px||false|false&#8221; custom_padding=&#8221;||0px||false|false&#8221; locked=&#8221;off&#8221; global_colors_info=&#8221;{}&#8221;][et_pb_row _builder_version=&#8221;4.20.4&#8243; _module_preset=&#8221;default&#8221; custom_padding=&#8221;||0px||false|false&#8221; global_colors_info=&#8221;{}&#8221;][et_pb_column type=&#8221;4_4&#8243; _builder_version=&#8221;4.16&#8243; _module_preset=&#8221;default&#8221; global_colors_info=&#8221;{}&#8221;][et_pb_text _builder_version=&#8221;4.20.4&#8243; _module_preset=&#8221;default&#8221; text_font=&#8221;Raleway||||||||&#8221; text_text_color=&#8221;#000000&#8243; text_font_size=&#8221;16px&#8221; text_line_height=&#8221;1.8em&#8221; header_text_align=&#8221;center&#8221; header_2_font=&#8221;|700|||||||&#8221; header_2_text_align=&#8221;center&#8221; header_2_text_color=&#8221;#000000&#8243; header_2_font_size=&#8221;32px&#8221; header_4_text_align=&#8221;center&#8221; header_4_text_color=&#8221;#828282&#8243; header_4_font_size=&#8221;24px&#8221; custom_margin=&#8221;||0px||false|false&#8221; custom_padding=&#8221;||||false|false&#8221; hover_enabled=&#8221;0&#8243; header_2_font_size_tablet=&#8221;&#8221; header_2_font_size_phone=&#8221;&#8221; header_2_font_size_last_edited=&#8221;on|tablet&#8221; global_colors_info=&#8221;{}&#8221; sticky_enabled=&#8221;0&#8243;]<\/p>\n<h2>Kontrakt Os<\/h2>\n<p>[\/et_pb_text][et_pb_text _builder_version=&#8221;4.20.4&#8243; _module_preset=&#8221;default&#8221; text_font=&#8221;Raleway||||||||&#8221; text_text_color=&#8221;#000000&#8243; text_font_size=&#8221;16px&#8221; text_line_height=&#8221;1.8em&#8221; header_2_font=&#8221;|700|||||||&#8221; header_2_text_align=&#8221;center&#8221; header_2_text_color=&#8221;#000000&#8243; header_4_text_align=&#8221;center&#8221; header_4_text_color=&#8221;#828282&#8243; header_4_font_size=&#8221;24px&#8221; text_orientation=&#8221;justified&#8221; hover_enabled=&#8221;0&#8243; global_colors_info=&#8221;{}&#8221; sticky_enabled=&#8221;0&#8243;]<\/p>\n<h4>Hvordan kan Vi hj\u00e6lpe Jer ? <\/h4>\n<p>[\/et_pb_text][\/et_pb_column][\/et_pb_row][\/et_pb_section][et_pb_section fb_built=&#8221;1&#8243; _builder_version=&#8221;4.16&#8243; _module_preset=&#8221;default&#8221; global_colors_info=&#8221;{}&#8221;][et_pb_row column_structure=&#8221;2_5,3_5&#8243; _builder_version=&#8221;4.16&#8243; _module_preset=&#8221;default&#8221; global_colors_info=&#8221;{}&#8221;][et_pb_column type=&#8221;2_5&#8243; _builder_version=&#8221;4.16&#8243; _module_preset=&#8221;default&#8221; global_colors_info=&#8221;{}&#8221;][et_pb_text _builder_version=&#8221;4.20.4&#8243; _module_preset=&#8221;default&#8221; hover_enabled=&#8221;0&#8243; global_colors_info=&#8221;{}&#8221; sticky_enabled=&#8221;0&#8243;]<\/p>\n<p style=\"margin: 0px 0px 10px 0px;\">Hvis du \u00f8nsker at kontakte os, giver vi dig forskellige alternativer til at g\u00f8re det og <strong>garanterer dig et svar s\u00e5 hurtigt som muligt<\/strong>.<\/p>\n<p style=\"margin: 0px 0px 10px 0px;\">Vi vil med <strong>gl\u00e6de hj\u00e6lpe<\/strong> dig med eventuelle sp\u00f8rgsm\u00e5l, du m\u00e5tte have vedr\u00f8rende k\u00f8b af Ejendom, Udlejning og interesser i <strong>turisme- og ejendomssektoren<\/strong>.<\/p>\n<p style=\"margin: 0px 0 0px 0;\">Tel: <a href=\"tel:0034660453334\">(+34) 660 453 334<\/a><\/p>\n<p style=\"margin: 0 0 0px 0;\">Email: <a href=\"mailto:info@mullerproperty.net\">info@mullerproperty.net<\/a><\/p>\n<p>[\/et_pb_text][\/et_pb_column][et_pb_column type=&#8221;3_5&#8243; _builder_version=&#8221;4.16&#8243; _module_preset=&#8221;default&#8221; global_colors_info=&#8221;{}&#8221;][et_pb_contact_form use_spam_service=&#8221;on&#8221; recaptcha_list=&#8221;Muller property|Muller property-0&#8243; _builder_version=&#8221;4.20.4&#8243; _module_preset=&#8221;default&#8221; _unique_id=&#8221;43396cd6-3120-4790-8390-b418220d90ae&#8221; hover_enabled=&#8221;0&#8243; global_colors_info=&#8221;{}&#8221; sticky_enabled=&#8221;0&#8243;][et_pb_contact_field field_id=&#8221;Name&#8221; field_title=&#8221;Navn&#8221; _builder_version=&#8221;4.20.4&#8243; hover_enabled=&#8221;0&#8243; global_colors_info=&#8221;{}&#8221; button_text_size__hover_enabled=&#8221;off&#8221; button_one_text_size__hover_enabled=&#8221;off&#8221; button_two_text_size__hover_enabled=&#8221;off&#8221; button_text_color__hover_enabled=&#8221;off&#8221; button_one_text_color__hover_enabled=&#8221;off&#8221; button_two_text_color__hover_enabled=&#8221;off&#8221; button_border_width__hover_enabled=&#8221;off&#8221; button_one_border_width__hover_enabled=&#8221;off&#8221; button_two_border_width__hover_enabled=&#8221;off&#8221; button_border_color__hover_enabled=&#8221;off&#8221; button_one_border_color__hover_enabled=&#8221;off&#8221; button_two_border_color__hover_enabled=&#8221;off&#8221; button_border_radius__hover_enabled=&#8221;off&#8221; button_one_border_radius__hover_enabled=&#8221;off&#8221; button_two_border_radius__hover_enabled=&#8221;off&#8221; button_letter_spacing__hover_enabled=&#8221;off&#8221; button_one_letter_spacing__hover_enabled=&#8221;off&#8221; button_two_letter_spacing__hover_enabled=&#8221;off&#8221; button_bg_color__hover_enabled=&#8221;off&#8221; button_one_bg_color__hover_enabled=&#8221;off&#8221; button_two_bg_color__hover_enabled=&#8221;off&#8221; sticky_enabled=&#8221;0&#8243;][\/et_pb_contact_field][et_pb_contact_field field_id=&#8221;Email&#8221; field_title=&#8221;E-mail&#8221; field_type=&#8221;email&#8221; _builder_version=&#8221;4.20.4&#8243; hover_enabled=&#8221;0&#8243; global_colors_info=&#8221;{}&#8221; button_text_size__hover_enabled=&#8221;off&#8221; button_one_text_size__hover_enabled=&#8221;off&#8221; button_two_text_size__hover_enabled=&#8221;off&#8221; button_text_color__hover_enabled=&#8221;off&#8221; button_one_text_color__hover_enabled=&#8221;off&#8221; button_two_text_color__hover_enabled=&#8221;off&#8221; button_border_width__hover_enabled=&#8221;off&#8221; button_one_border_width__hover_enabled=&#8221;off&#8221; button_two_border_width__hover_enabled=&#8221;off&#8221; button_border_color__hover_enabled=&#8221;off&#8221; button_one_border_color__hover_enabled=&#8221;off&#8221; button_two_border_color__hover_enabled=&#8221;off&#8221; button_border_radius__hover_enabled=&#8221;off&#8221; button_one_border_radius__hover_enabled=&#8221;off&#8221; button_two_border_radius__hover_enabled=&#8221;off&#8221; button_letter_spacing__hover_enabled=&#8221;off&#8221; button_one_letter_spacing__hover_enabled=&#8221;off&#8221; button_two_letter_spacing__hover_enabled=&#8221;off&#8221; button_bg_color__hover_enabled=&#8221;off&#8221; button_one_bg_color__hover_enabled=&#8221;off&#8221; button_two_bg_color__hover_enabled=&#8221;off&#8221; sticky_enabled=&#8221;0&#8243;][\/et_pb_contact_field][et_pb_contact_field field_id=&#8221;telefono&#8221; field_title=&#8221;Telefon&#8221; allowed_symbols=&#8221;alphanumeric&#8221; fullwidth_field=&#8221;on&#8221; _builder_version=&#8221;4.20.4&#8243; _module_preset=&#8221;default&#8221; hover_enabled=&#8221;0&#8243; global_colors_info=&#8221;{}&#8221; sticky_enabled=&#8221;0&#8243;][\/et_pb_contact_field][et_pb_contact_field field_id=&#8221;Message&#8221; field_title=&#8221;Besked&#8221; field_type=&#8221;text&#8221; fullwidth_field=&#8221;on&#8221; _builder_version=&#8221;4.20.4&#8243; hover_enabled=&#8221;0&#8243; global_colors_info=&#8221;{}&#8221; button_text_size__hover_enabled=&#8221;off&#8221; button_one_text_size__hover_enabled=&#8221;off&#8221; button_two_text_size__hover_enabled=&#8221;off&#8221; button_text_color__hover_enabled=&#8221;off&#8221; button_one_text_color__hover_enabled=&#8221;off&#8221; button_two_text_color__hover_enabled=&#8221;off&#8221; button_border_width__hover_enabled=&#8221;off&#8221; button_one_border_width__hover_enabled=&#8221;off&#8221; button_two_border_width__hover_enabled=&#8221;off&#8221; button_border_color__hover_enabled=&#8221;off&#8221; button_one_border_color__hover_enabled=&#8221;off&#8221; button_two_border_color__hover_enabled=&#8221;off&#8221; button_border_radius__hover_enabled=&#8221;off&#8221; button_one_border_radius__hover_enabled=&#8221;off&#8221; button_two_border_radius__hover_enabled=&#8221;off&#8221; button_letter_spacing__hover_enabled=&#8221;off&#8221; button_one_letter_spacing__hover_enabled=&#8221;off&#8221; button_two_letter_spacing__hover_enabled=&#8221;off&#8221; button_bg_color__hover_enabled=&#8221;off&#8221; button_one_bg_color__hover_enabled=&#8221;off&#8221; button_two_bg_color__hover_enabled=&#8221;off&#8221; sticky_enabled=&#8221;0&#8243;][\/et_pb_contact_field][\/et_pb_contact_form][\/et_pb_column][\/et_pb_row][\/et_pb_section]<\/p>\n","protected":false},"excerpt":{"rendered":"<p>Kontrakt OsHvordan kan Vi hj\u00e6lpe Jer ? Hvis du \u00f8nsker at kontakte os, giver vi dig forskellige alternativer til at g\u00f8re det og garanterer dig et svar s\u00e5 hurtigt som muligt. Vi vil med gl\u00e6de hj\u00e6lpe dig med eventuelle sp\u00f8rgsm\u00e5l, du m\u00e5tte have vedr\u00f8rende k\u00f8b af Ejendom, Udlejning og interesser i turisme- og ejendomssektoren. Tel: [&hellip;]<\/p>\n","protected":false},"author":1,"featured_media":0,"parent":0,"menu_order":0,"comment_status":"closed","ping_status":"closed","template":"","meta":{"_et_pb_use_builder":"on","_et_pb_old_content":"<!-- wp:divi\/placeholder \/-->","_et_gb_content_width":"","_joinchat":[],"footnotes":""},"class_list":["post-16114","page","type-page","status-publish","hentry"],"yoast_head":"<!-- This site is optimized with the Yoast SEO plugin v23.3 - https:\/\/yoast.com\/wordpress\/plugins\/seo\/ -->\n<title>Kontakt | M\u00fcller Property<\/title>\n<meta name=\"robots\" content=\"index, follow, max-snippet:-1, max-image-preview:large, max-video-preview:-1\" \/>\n<link rel=\"canonical\" href=\"https:\/\/mullerproperty.net\/contacto\/\" \/>\n<meta property=\"og:locale\" content=\"da_DK\" \/>\n<meta property=\"og:type\" content=\"article\" \/>\n<meta property=\"og:title\" content=\"Kontakt | M\u00fcller Property\" \/>\n<meta property=\"og:description\" content=\"Kontrakt OsHvordan kan Vi hj\u00e6lpe Jer ? Hvis du \u00f8nsker at kontakte os, giver vi dig forskellige alternativer til at g\u00f8re det og garanterer dig et svar s\u00e5 hurtigt som muligt. Vi vil med gl\u00e6de hj\u00e6lpe dig med eventuelle sp\u00f8rgsm\u00e5l, du m\u00e5tte have vedr\u00f8rende k\u00f8b af Ejendom, Udlejning og interesser i turisme- og ejendomssektoren. Tel: [&hellip;]\" \/>\n<meta property=\"og:url\" content=\"https:\/\/mullerproperty.net\/contacto\/\" \/>\n<meta property=\"og:site_name\" content=\"M\u00fcller Property\" \/>\n<meta property=\"article:publisher\" content=\"https:\/\/www.facebook.com\/mullerproperty\" \/>\n<meta property=\"article:modified_time\" content=\"2024-02-02T10:32:21+00:00\" \/>\n<meta name=\"twitter:card\" content=\"summary_large_image\" \/>\n<meta name=\"twitter:site\" content=\"@muller_property\" \/>\n<meta name=\"twitter:label1\" content=\"Estimeret l\u00e6setid\" \/>\n\t<meta name=\"twitter:data1\" content=\"5 minutter\" \/>\n<script type=\"application\/ld+json\" class=\"yoast-schema-graph\">{\"@context\":\"https:\/\/schema.org\",\"@graph\":[{\"@type\":\"WebPage\",\"@id\":\"https:\/\/mullerproperty.net\/contacto\/\",\"url\":\"https:\/\/mullerproperty.net\/contacto\/\",\"name\":\"Kontakt | M\u00fcller Property\",\"isPartOf\":{\"@id\":\"https:\/\/mullerproperty.net\/#website\"},\"datePublished\":\"2021-11-05T12:04:27+00:00\",\"dateModified\":\"2024-02-02T10:32:21+00:00\",\"breadcrumb\":{\"@id\":\"https:\/\/mullerproperty.net\/contacto\/#breadcrumb\"},\"inLanguage\":\"da-DK\",\"potentialAction\":[{\"@type\":\"ReadAction\",\"target\":[\"https:\/\/mullerproperty.net\/contacto\/\"]}]},{\"@type\":\"BreadcrumbList\",\"@id\":\"https:\/\/mullerproperty.net\/contacto\/#breadcrumb\",\"itemListElement\":[{\"@type\":\"ListItem\",\"position\":1,\"name\":\"Portada\",\"item\":\"https:\/\/mullerproperty.net\/da\/\"},{\"@type\":\"ListItem\",\"position\":2,\"name\":\"Kontakt\"}]},{\"@type\":\"WebSite\",\"@id\":\"https:\/\/mullerproperty.net\/#website\",\"url\":\"https:\/\/mullerproperty.net\/\",\"name\":\"M\u00fcller Property\",\"description\":\"Real Estate\",\"publisher\":{\"@id\":\"https:\/\/mullerproperty.net\/#organization\"},\"potentialAction\":[{\"@type\":\"SearchAction\",\"target\":{\"@type\":\"EntryPoint\",\"urlTemplate\":\"https:\/\/mullerproperty.net\/?s={search_term_string}\"},\"query-input\":\"required name=search_term_string\"}],\"inLanguage\":\"da-DK\"},{\"@type\":\"Organization\",\"@id\":\"https:\/\/mullerproperty.net\/#organization\",\"name\":\"M\u00fcller Property\",\"url\":\"https:\/\/mullerproperty.net\/\",\"logo\":{\"@type\":\"ImageObject\",\"inLanguage\":\"da-DK\",\"@id\":\"https:\/\/mullerproperty.net\/#\/schema\/logo\/image\/\",\"url\":\"https:\/\/mullerproperty.net\/wp-content\/uploads\/2024\/08\/favicon.png\",\"contentUrl\":\"https:\/\/mullerproperty.net\/wp-content\/uploads\/2024\/08\/favicon.png\",\"width\":512,\"height\":512,\"caption\":\"M\u00fcller Property\"},\"image\":{\"@id\":\"https:\/\/mullerproperty.net\/#\/schema\/logo\/image\/\"},\"sameAs\":[\"https:\/\/www.facebook.com\/mullerproperty\",\"https:\/\/x.com\/muller_property\",\"https:\/\/www.instagram.com\/mullerproperty\/\",\"https:\/\/www.youtube.com\/mullerproperty\"]}]}<\/script>\n<!-- \/ Yoast SEO plugin. -->","yoast_head_json":{"title":"Kontakt | M\u00fcller Property","robots":{"index":"index","follow":"follow","max-snippet":"max-snippet:-1","max-image-preview":"max-image-preview:large","max-video-preview":"max-video-preview:-1"},"canonical":"https:\/\/mullerproperty.net\/contacto\/","og_locale":"da_DK","og_type":"article","og_title":"Kontakt | M\u00fcller Property","og_description":"Kontrakt OsHvordan kan Vi hj\u00e6lpe Jer ? Hvis du \u00f8nsker at kontakte os, giver vi dig forskellige alternativer til at g\u00f8re det og garanterer dig et svar s\u00e5 hurtigt som muligt. Vi vil med gl\u00e6de hj\u00e6lpe dig med eventuelle sp\u00f8rgsm\u00e5l, du m\u00e5tte have vedr\u00f8rende k\u00f8b af Ejendom, Udlejning og interesser i turisme- og ejendomssektoren. Tel: [&hellip;]","og_url":"https:\/\/mullerproperty.net\/contacto\/","og_site_name":"M\u00fcller Property","article_publisher":"https:\/\/www.facebook.com\/mullerproperty","article_modified_time":"2024-02-02T10:32:21+00:00","twitter_card":"summary_large_image","twitter_site":"@muller_property","twitter_misc":{"Estimeret l\u00e6setid":"5 minutter"},"schema":{"@context":"https:\/\/schema.org","@graph":[{"@type":"WebPage","@id":"https:\/\/mullerproperty.net\/contacto\/","url":"https:\/\/mullerproperty.net\/contacto\/","name":"Kontakt | M\u00fcller Property","isPartOf":{"@id":"https:\/\/mullerproperty.net\/#website"},"datePublished":"2021-11-05T12:04:27+00:00","dateModified":"2024-02-02T10:32:21+00:00","breadcrumb":{"@id":"https:\/\/mullerproperty.net\/contacto\/#breadcrumb"},"inLanguage":"da-DK","potentialAction":[{"@type":"ReadAction","target":["https:\/\/mullerproperty.net\/contacto\/"]}]},{"@type":"BreadcrumbList","@id":"https:\/\/mullerproperty.net\/contacto\/#breadcrumb","itemListElement":[{"@type":"ListItem","position":1,"name":"Portada","item":"https:\/\/mullerproperty.net\/da\/"},{"@type":"ListItem","position":2,"name":"Kontakt"}]},{"@type":"WebSite","@id":"https:\/\/mullerproperty.net\/#website","url":"https:\/\/mullerproperty.net\/","name":"M\u00fcller Property","description":"Real Estate","publisher":{"@id":"https:\/\/mullerproperty.net\/#organization"},"potentialAction":[{"@type":"SearchAction","target":{"@type":"EntryPoint","urlTemplate":"https:\/\/mullerproperty.net\/?s={search_term_string}"},"query-input":"required name=search_term_string"}],"inLanguage":"da-DK"},{"@type":"Organization","@id":"https:\/\/mullerproperty.net\/#organization","name":"M\u00fcller Property","url":"https:\/\/mullerproperty.net\/","logo":{"@type":"ImageObject","inLanguage":"da-DK","@id":"https:\/\/mullerproperty.net\/#\/schema\/logo\/image\/","url":"https:\/\/mullerproperty.net\/wp-content\/uploads\/2024\/08\/favicon.png","contentUrl":"https:\/\/mullerproperty.net\/wp-content\/uploads\/2024\/08\/favicon.png","width":512,"height":512,"caption":"M\u00fcller Property"},"image":{"@id":"https:\/\/mullerproperty.net\/#\/schema\/logo\/image\/"},"sameAs":["https:\/\/www.facebook.com\/mullerproperty","https:\/\/x.com\/muller_property","https:\/\/www.instagram.com\/mullerproperty\/","https:\/\/www.youtube.com\/mullerproperty"]}]}},"_links":{"self":[{"href":"https:\/\/mullerproperty.net\/da\/wp-json\/wp\/v2\/pages\/16114","targetHints":{"allow":["GET"]}}],"collection":[{"href":"https:\/\/mullerproperty.net\/da\/wp-json\/wp\/v2\/pages"}],"about":[{"href":"https:\/\/mullerproperty.net\/da\/wp-json\/wp\/v2\/types\/page"}],"author":[{"embeddable":true,"href":"https:\/\/mullerproperty.net\/da\/wp-json\/wp\/v2\/users\/1"}],"replies":[{"embeddable":true,"href":"https:\/\/mullerproperty.net\/da\/wp-json\/wp\/v2\/comments?post=16114"}],"version-history":[{"count":3,"href":"https:\/\/mullerproperty.net\/da\/wp-json\/wp\/v2\/pages\/16114\/revisions"}],"predecessor-version":[{"id":16121,"href":"https:\/\/mullerproperty.net\/da\/wp-json\/wp\/v2\/pages\/16114\/revisions\/16121"}],"wp:attachment":[{"href":"https:\/\/mullerproperty.net\/da\/wp-json\/wp\/v2\/media?parent=16114"}],"curies":[{"name":"wp","href":"https:\/\/api.w.org\/{rel}","templated":true}]}}